{"id":39,"date":"2020-02-05T22:35:26","date_gmt":"2020-02-05T22:35:26","guid":{"rendered":"http:\/\/proficiencygt.com\/?page_id=39"},"modified":"2020-02-06T15:42:08","modified_gmt":"2020-02-06T15:42:08","slug":"clientes-corporativos","status":"publish","type":"page","link":"http:\/\/proficiencygt.com\/?page_id=39","title":{"rendered":"Clientes Corporativos"},"content":{"rendered":"\n<link rel=\"stylesheet\" href=\"https:\/\/cdnjs.cloudflare.com\/ajax\/libs\/flexboxgrid\/6.3.1\/flexboxgrid.min.css\" type=\"text\/css\" >\n<div class=\"row\">\n\t<div class=\"col-md-6\">\n\t\t<div class=\"box\">\n<br> <br> <br>\n<h1 style=\"font-weight: bold;\">Clientes Corporativos<\/h1>\n<p style=\"font-size:150%;\"> <span style=\"font-weight: bold;\">El mundo en que vivimos hoy exige profesionales capaces de comunicarse  efectivamente y la formaci\u00f3n biling\u00fce <\/span> (espec\u00edficamente ingl\u00e9s-espa\u00f1ol)  es cada vez m\u00e1s importante para enfrentar con \u00e9xito los retos laborales. <br> <br>   El manejo de una segunda lengua garantiza una mejor comunicaci\u00f3n, abre  fronteras, devela contextos, permite entender y darnos a entender,  facilita el progreso y juega un papel decisivo en el desarrollo de  nuestra regi\u00f3n. <\/p><br>\n\t\t<\/div>\n\t<\/div>\n\t<div class=\"col-md-6\">\n\t\t<div class=\"box\"><img loading=\"lazy\" decoding=\"async\" src=\"http:\/\/proficiencygt.com\/wp-content\/uploads\/2020\/02\/ba3.jpg\" alt=\"\" width=\"600\" height=\"600\" \/>\n\t\t<\/div>\n\t\t<\/div>\n\t<\/div>\n\n\n\n<p><\/p>\n","protected":false},"excerpt":{"rendered":"<p>Clientes Corporativos El mundo en que vivimos hoy exige profesionales capaces de comunicarse efectivamente y la formaci\u00f3n biling\u00fce (espec\u00edficamente ingl\u00e9s-espa\u00f1ol) es cada vez m\u00e1s importante para enfrentar con \u00e9xito los retos laborales. El manejo de una segunda lengua garantiza una mejor comunicaci\u00f3n, abre fronteras, devela contextos, permite entender y darnos a entender, facilita el progreso [&hellip;]<\/p>\n","protected":false},"author":1,"featured_media":0,"parent":0,"menu_order":0,"comment_status":"closed","ping_status":"closed","template":"","meta":{"footnotes":""},"class_list":["post-39","page","type-page","status-publish","hentry"],"_links":{"self":[{"href":"http:\/\/proficiencygt.com\/index.php?rest_route=\/wp\/v2\/pages\/39","targetHints":{"allow":["GET"]}}],"collection":[{"href":"http:\/\/proficiencygt.com\/index.php?rest_route=\/wp\/v2\/pages"}],"about":[{"href":"http:\/\/proficiencygt.com\/index.php?rest_route=\/wp\/v2\/types\/page"}],"author":[{"embeddable":true,"href":"http:\/\/proficiencygt.com\/index.php?rest_route=\/wp\/v2\/users\/1"}],"replies":[{"embeddable":true,"href":"http:\/\/proficiencygt.com\/index.php?rest_route=%2Fwp%2Fv2%2Fcomments&post=39"}],"version-history":[{"count":19,"href":"http:\/\/proficiencygt.com\/index.php?rest_route=\/wp\/v2\/pages\/39\/revisions"}],"predecessor-version":[{"id":89,"href":"http:\/\/proficiencygt.com\/index.php?rest_route=\/wp\/v2\/pages\/39\/revisions\/89"}],"wp:attachment":[{"href":"http:\/\/proficiencygt.com\/index.php?rest_route=%2Fwp%2Fv2%2Fmedia&parent=39"}],"curies":[{"name":"wp","href":"https:\/\/api.w.org\/{rel}","templated":true}]}}