{"id":66,"date":"2020-02-05T22:52:30","date_gmt":"2020-02-05T22:52:30","guid":{"rendered":"http:\/\/proficiencygt.com\/?page_id=66"},"modified":"2020-02-06T15:51:58","modified_gmt":"2020-02-06T15:51:58","slug":"quienes-somos","status":"publish","type":"page","link":"http:\/\/proficiencygt.com\/?page_id=66","title":{"rendered":"\u00bfQui\u00e9nes Somos?"},"content":{"rendered":"\n<p> <\/p>\n\n\n\n<link rel=\"stylesheet\" href=\"https:\/\/cdnjs.cloudflare.com\/ajax\/libs\/flexboxgrid\/6.3.1\/flexboxgrid.min.css\" type=\"text\/css\" >\n<div class=\"row\">\n\t<div class=\"col-md-6\">\n\t\t<div class=\"box\">\n<br> <br> <br> \n<h1 style=\"font-weight: bold;\">\u00bfQui\u00e9nes Somos?<\/h1>\n<p style=\"font-size:150%;\"> Somos educadores con amplia experiencia dedicados a la formaci\u00f3n  biling\u00fce con experiencia tanto en ambientes corporativos como  educativos. <br> <br>  Nuestro compromiso es apoyar a nuestros clientes a crecer  profesionalmente a trav\u00e9s de programas que combinan la implementaci\u00f3n de  plataformas mixtas y supervisi\u00f3n personalizada.<\/p><br>\n\t\t<\/div>\n\t<\/div>\n\t<div class=\"col-md-6\">\n\t\t<div class=\"box\"><img loading=\"lazy\" decoding=\"async\" src=\"http:\/\/proficiencygt.com\/wp-content\/uploads\/2020\/02\/ba4.jpg\" alt=\"\" width=\"600\" height=\"600\" \/>\n\t\t<\/div>\n\t\t<\/div>\n\t<\/div>\n","protected":false},"excerpt":{"rendered":"<p>\u00bfQui\u00e9nes Somos? Somos educadores con amplia experiencia dedicados a la formaci\u00f3n biling\u00fce con experiencia tanto en ambientes corporativos como educativos. Nuestro compromiso es apoyar a nuestros clientes a crecer profesionalmente a trav\u00e9s de programas que combinan la implementaci\u00f3n de plataformas mixtas y supervisi\u00f3n personalizada.<\/p>\n","protected":false},"author":1,"featured_media":0,"parent":0,"menu_order":0,"comment_status":"closed","ping_status":"closed","template":"","meta":{"footnotes":""},"class_list":["post-66","page","type-page","status-publish","hentry"],"_links":{"self":[{"href":"http:\/\/proficiencygt.com\/index.php?rest_route=\/wp\/v2\/pages\/66","targetHints":{"allow":["GET"]}}],"collection":[{"href":"http:\/\/proficiencygt.com\/index.php?rest_route=\/wp\/v2\/pages"}],"about":[{"href":"http:\/\/proficiencygt.com\/index.php?rest_route=\/wp\/v2\/types\/page"}],"author":[{"embeddable":true,"href":"http:\/\/proficiencygt.com\/index.php?rest_route=\/wp\/v2\/users\/1"}],"replies":[{"embeddable":true,"href":"http:\/\/proficiencygt.com\/index.php?rest_route=%2Fwp%2Fv2%2Fcomments&post=66"}],"version-history":[{"count":4,"href":"http:\/\/proficiencygt.com\/index.php?rest_route=\/wp\/v2\/pages\/66\/revisions"}],"predecessor-version":[{"id":94,"href":"http:\/\/proficiencygt.com\/index.php?rest_route=\/wp\/v2\/pages\/66\/revisions\/94"}],"wp:attachment":[{"href":"http:\/\/proficiencygt.com\/index.php?rest_route=%2Fwp%2Fv2%2Fmedia&parent=66"}],"curies":[{"name":"wp","href":"https:\/\/api.w.org\/{rel}","templated":true}]}}